{"id":2007,"date":"2015-07-20T11:53:52","date_gmt":"2015-07-20T11:53:52","guid":{"rendered":"https:\/\/wp.toddlersdaycare.de\/home\/"},"modified":"2024-04-29T14:17:50","modified_gmt":"2024-04-29T14:17:50","slug":"homepage","status":"publish","type":"page","link":"https:\/\/www.toddlersdaycare.de\/en\/","title":{"rendered":"Home"},"content":{"rendered":"<section class=\"wpb-content-wrapper\"><p>[vc_row gap=&#8221;5&#8243;][vc_column width=&#8221;2\/3&#8243;][vc_column_text]<\/p>\n<h3 class=\"posttitle\"><strong>Herzlich Willkommen bei<\/strong><\/h3>\n<h1 class=\"posttitle\">Toddlers Plus English Daycare e.V.<\/h1>\n<p>Sch\u00f6n, dass Sie da sind!<\/p>\n<p>Sie sind Eltern und interessieren sich f\u00fcr einen Krippenplatz in Neu-Isenburg f\u00fcr Ihr Kind? Dann schauen Sie sich gerne in Ruhe um. \u00dcber den Button \u201eAnmeldung\/Kosten\u201c kommen Sie direkt auf die Neu-Isenburger website \u201eWebKITA\u201c, um eine Anmeldung vornehmen zu k\u00f6nnen.<\/p>\n<p>Sie sind p\u00e4dagogische Fachkraft oder suchen eine Einrichtung f\u00fcr Ihr Anerkennungsjahr? Dann kommen Sie <a href=\"https:\/\/www.toddlersdaycare.de\/en\/team\/\">HIER<\/a> direkt zu unserem Karrierebereich mit weiteren Informationen \u00fcber unser Team, den Arbeitsplatz und offene Stellen.[\/vc_column_text][\/vc_column][vc_column width=&#8221;1\/3&#8243; css=&#8221;.vc_custom_1650368161848{padding-top: 20px !important;}&#8221;]<figure class=\"sc_image  sc_image_shape_square\"><img decoding=\"async\" data-src=\"https:\/\/www.toddlersdaycare.de\/wp-content\/uploads\/2022\/02\/Img48117b.jpg\" alt=\"\" src=\"data:image\/svg+xml;base64,PHN2ZyB3aWR0aD0iMSIgaGVpZ2h0PSIxIiB4bWxucz0iaHR0cDovL3d3dy53My5vcmcvMjAwMC9zdmciPjwvc3ZnPg==\" class=\"lazyload\" style=\"--smush-placeholder-width: 800px; --smush-placeholder-aspect-ratio: 800\/675;\" \/><\/figure>[vc_empty_space]<figure class=\"sc_image  sc_image_shape_square\"><img decoding=\"async\" data-src=\"https:\/\/www.toddlersdaycare.de\/wp-content\/uploads\/2022\/02\/Img48123b.jpg\" alt=\"\" src=\"data:image\/svg+xml;base64,PHN2ZyB3aWR0aD0iMSIgaGVpZ2h0PSIxIiB4bWxucz0iaHR0cDovL3d3dy53My5vcmcvMjAwMC9zdmciPjwvc3ZnPg==\" class=\"lazyload\" style=\"--smush-placeholder-width: 800px; --smush-placeholder-aspect-ratio: 800\/399;\" \/><\/figure>[\/vc_column][\/vc_row][vc_row][vc_column][vc_empty_space][\/vc_column][\/vc_row][vc_row gap=&#8221;5&#8243;][vc_column width=&#8221;1\/3&#8243; css=&#8221;.vc_custom_1655124138151{border-top-width: 5px !important;border-right-width: 5px !important;border-bottom-width: 5px !important;border-left-width: 5px !important;padding-top: 10px !important;padding-right: 10px !important;padding-bottom: 10px !important;padding-left: 10px !important;background-color: #88bd23 !important;border-left-color: #ffffff !important;border-right-color: #ffffff !important;border-top-color: #ffffff !important;border-bottom-color: #ffffff !important;}&#8221;][vc_column_text]<\/p>\n<h6 style=\"text-align: center;\"><span style=\"font-size: 24pt;\">to U3<\/span><\/h6>\n<p>[\/vc_column_text]<figure class=\"sc_image  sc_image_shape_square\"><a href=\"\/u3\"><img decoding=\"async\" data-src=\"https:\/\/www.toddlersdaycare.de\/wp-content\/uploads\/2022\/06\/toddlers-daycare-U3.jpg\" alt=\"\" src=\"data:image\/svg+xml;base64,PHN2ZyB3aWR0aD0iMSIgaGVpZ2h0PSIxIiB4bWxucz0iaHR0cDovL3d3dy53My5vcmcvMjAwMC9zdmciPjwvc3ZnPg==\" class=\"lazyload\" style=\"--smush-placeholder-width: 400px; --smush-placeholder-aspect-ratio: 400\/400;\" \/><\/a><\/figure>[\/vc_column][vc_column width=&#8221;1\/3&#8243; css=&#8221;.vc_custom_1655124167349{border-top-width: 5px !important;border-right-width: 5px !important;border-bottom-width: 5px !important;border-left-width: 5px !important;padding-top: 10px !important;padding-right: 10px !important;padding-bottom: 10px !important;padding-left: 10px !important;background-color: #ED6C00 !important;border-left-color: #ffffff !important;border-right-color: #ffffff !important;border-top-color: #ffffff !important;border-bottom-color: #ffffff !important;}&#8221;][vc_column_text]<\/p>\n<h6 style=\"text-align: center;\"><span style=\"font-size: 24pt;\">to the Kindergarten<\/span><\/h6>\n<p>[\/vc_column_text]<figure class=\"sc_image  sc_image_shape_square\"><a href=\"\/kindergarten\"><img decoding=\"async\" data-src=\"https:\/\/www.toddlersdaycare.de\/wp-content\/uploads\/2022\/06\/toddlers-daycare-Kiga.jpg\" alt=\"\" src=\"data:image\/svg+xml;base64,PHN2ZyB3aWR0aD0iMSIgaGVpZ2h0PSIxIiB4bWxucz0iaHR0cDovL3d3dy53My5vcmcvMjAwMC9zdmciPjwvc3ZnPg==\" class=\"lazyload\" style=\"--smush-placeholder-width: 400px; --smush-placeholder-aspect-ratio: 400\/400;\" \/><\/a><\/figure>[\/vc_column][vc_column width=&#8221;1\/3&#8243;]<figure class=\"sc_image  sc_image_shape_square\"><img decoding=\"async\" data-src=\"https:\/\/www.toddlersdaycare.de\/wp-content\/uploads\/2022\/02\/Img48093.jpg\" alt=\"\" src=\"data:image\/svg+xml;base64,PHN2ZyB3aWR0aD0iMSIgaGVpZ2h0PSIxIiB4bWxucz0iaHR0cDovL3d3dy53My5vcmcvMjAwMC9zdmciPjwvc3ZnPg==\" class=\"lazyload\" style=\"--smush-placeholder-width: 800px; --smush-placeholder-aspect-ratio: 800\/534;\" \/><\/figure>[vc_empty_space][\/vc_column][\/vc_row]<\/p>\n<\/section>","protected":false},"excerpt":{"rendered":"<p>[vc_row gap=&#8221;5&#8243;][vc_column width=&#8221;2\/3&#8243;][vc_column_text] Herzlich Willkommen bei Toddlers Plus English Daycare e.V. Sch\u00f6n, dass Sie da sind! Sie sind Eltern und interessieren sich f\u00fcr einen Krippenplatz in Neu-Isenburg f\u00fcr Ihr Kind? Dann schauen Sie sich gerne in Ruhe um. \u00dcber den Button \u201eAnmeldung\/Kosten\u201c kommen Sie direkt auf die Neu-Isenburger website \u201eWebKITA\u201c, um eine Anmeldung vornehmen zu [&hellip;]<\/p>\n","protected":false},"author":1,"featured_media":0,"parent":0,"menu_order":0,"comment_status":"closed","ping_status":"closed","template":"","meta":{"footnotes":""},"class_list":["post-2007","page","type-page","status-publish","hentry"],"_links":{"self":[{"href":"https:\/\/www.toddlersdaycare.de\/en\/wp-json\/wp\/v2\/pages\/2007","targetHints":{"allow":["GET"]}}],"collection":[{"href":"https:\/\/www.toddlersdaycare.de\/en\/wp-json\/wp\/v2\/pages"}],"about":[{"href":"https:\/\/www.toddlersdaycare.de\/en\/wp-json\/wp\/v2\/types\/page"}],"author":[{"embeddable":true,"href":"https:\/\/www.toddlersdaycare.de\/en\/wp-json\/wp\/v2\/users\/1"}],"replies":[{"embeddable":true,"href":"https:\/\/www.toddlersdaycare.de\/en\/wp-json\/wp\/v2\/comments?post=2007"}],"version-history":[{"count":27,"href":"https:\/\/www.toddlersdaycare.de\/en\/wp-json\/wp\/v2\/pages\/2007\/revisions"}],"predecessor-version":[{"id":2171,"href":"https:\/\/www.toddlersdaycare.de\/en\/wp-json\/wp\/v2\/pages\/2007\/revisions\/2171"}],"wp:attachment":[{"href":"https:\/\/www.toddlersdaycare.de\/en\/wp-json\/wp\/v2\/media?parent=2007"}],"curies":[{"name":"wp","href":"https:\/\/api.w.org\/{rel}","templated":true}]}}